{"id":11612,"date":"2022-12-21T14:32:57","date_gmt":"2022-12-21T14:32:57","guid":{"rendered":"https:\/\/formaletasdealuminio.com\/sobre-nosotros\/"},"modified":"2023-02-13T15:16:41","modified_gmt":"2023-02-13T15:16:41","slug":"qui-sommes-nous","status":"publish","type":"page","link":"https:\/\/formaletasdealuminio.com\/fr\/qui-sommes-nous\/","title":{"rendered":"QUI SOMMES-NOUS"},"content":{"rendered":"<section class=\"l-section wpb_row height_large with_img with_overlay\"><div class=\"l-section-img\" style=\"background-image: url(https:\/\/formaletasdealuminio.com\/wp-content\/uploads\/2022\/12\/pexels-henry-co-1939485-scaled.jpg);\" data-img-width=\"1707\" data-img-height=\"2560\"><\/div><div class=\"l-section-overlay\" style=\"background: rgba(255,255,255,0.73)\"><\/div><div class=\"l-section-h i-cf\"><div class=\"g-cols vc_row type_default valign_middle\"><div class=\"vc_col-sm-6 wpb_column vc_column_container animate_afr\"><div class=\"vc_column-inner\"><div class=\"wpb_wrapper\"><div class=\"wpb_text_column titulo\" ><div class=\"wpb_wrapper\"><h3><strong style=\"color: #277cea;\">QUI SOMMES-NOUS<\/strong><\/h3>\n<h1><strong style=\"color: #004e89;\">Wall-Ties &amp; Forms, Inc, (WTF)\u00a0<\/strong><\/h1>\n<\/div><\/div><div class=\"w-separator size_small\"><\/div><div class=\"wpb_text_column\" ><div class=\"wpb_wrapper\"><p>C&rsquo;est l&rsquo;une des plus importantes productrices de formes en aluminium pour b\u00e9ton dans le monde et en m\u00eame temps, la principale entreprise de conception et de fabrication de syst\u00e8mes de formes en aluminium. Il y a plus de 45 ans, WTF a commenc\u00e9 avec la production de milliers de ties (separateurs). Aujourd&rsquo;hui, il produit et exp\u00e9die plus de 30 millions de ties et plus de 100 000 panneaux de formes en aluminium par an. En 1976, OrvalEngelken et Ross Worley, d\u00e9j\u00e0 en provenance d&rsquo;une longue et r\u00e9ussie carri\u00e8re, l&rsquo;un en tant que directeur national des ventes et l&rsquo;autre en tant que concepteur de produits et expert en fabrication, ont d\u00e9cid\u00e9 de s&rsquo;unir pour cr\u00e9er WTF bas\u00e9 sur trois principes de base qui restent valables aujourd&rsquo;hui :<\/p>\n<\/div><\/div><\/div><\/div><\/div><div class=\"vc_col-sm-6 wpb_column vc_column_container animate_afl\"><div class=\"vc_column-inner\"><div class=\"wpb_wrapper\"><div class=\"g-cols wpb_row  type_default valign_top vc_inner\"><div class=\"vc_col-sm-8 wpb_column vc_column_container\"><div class=\"vc_column-inner\"><div class=\"wpb_wrapper\"><div class=\"w-image primeraimagen align_none\"><div class=\"w-image-h\"><img decoding=\"async\" width=\"600\" height=\"518\" src=\"https:\/\/formaletasdealuminio.com\/wp-content\/uploads\/2022\/12\/orval_ross-1.jpg\" class=\"attachment-large size-large\" alt=\"\" srcset=\"https:\/\/formaletasdealuminio.com\/wp-content\/uploads\/2022\/12\/orval_ross-1.jpg 600w, https:\/\/formaletasdealuminio.com\/wp-content\/uploads\/2022\/12\/orval_ross-1-300x259.jpg 300w\" sizes=\"(max-width: 600px) 100vw, 600px\" \/><\/div><\/div><\/div><\/div><\/div><div class=\"vc_col-sm-4 wpb_column vc_column_container\"><div class=\"vc_column-inner\"><div class=\"wpb_wrapper\"><div class=\"w-image segundaimagen align_none\"><div class=\"w-image-h\"><img decoding=\"async\" width=\"806\" height=\"388\" src=\"https:\/\/formaletasdealuminio.com\/wp-content\/uploads\/2022\/12\/formaletas-planta-fabricacion.jpg\" class=\"attachment-large size-large\" alt=\"\" srcset=\"https:\/\/formaletasdealuminio.com\/wp-content\/uploads\/2022\/12\/formaletas-planta-fabricacion.jpg 806w, https:\/\/formaletasdealuminio.com\/wp-content\/uploads\/2022\/12\/formaletas-planta-fabricacion-300x144.jpg 300w\" sizes=\"(max-width: 806px) 100vw, 806px\" \/><\/div><\/div><div class=\"w-image segundaimagen align_none\"><div class=\"w-image-h\"><img decoding=\"async\" width=\"970\" height=\"300\" src=\"https:\/\/formaletasdealuminio.com\/wp-content\/uploads\/2022\/12\/Formaletas-Para-Construccion-con-Hormigon-14.jpg\" class=\"attachment-large size-large\" alt=\"\" srcset=\"https:\/\/formaletasdealuminio.com\/wp-content\/uploads\/2022\/12\/Formaletas-Para-Construccion-con-Hormigon-14.jpg 970w, https:\/\/formaletasdealuminio.com\/wp-content\/uploads\/2022\/12\/Formaletas-Para-Construccion-con-Hormigon-14-300x93.jpg 300w\" sizes=\"(max-width: 970px) 100vw, 970px\" \/><\/div><\/div><\/div><\/div><\/div><\/div><\/div><\/div><\/div><\/div><\/div><\/section><section class=\"l-section wpb_row height_medium\"><div class=\"l-section-h i-cf\"><div class=\"g-cols vc_row type_default valign_top\"><div class=\"vc_col-sm-12 wpb_column vc_column_container\"><div class=\"vc_column-inner\"><div class=\"wpb_wrapper\"><div class=\"wpb_text_column us_custom_eb849559 titulo\" ><div class=\"wpb_wrapper\"><h1><strong style=\"color: #004e89;\">NOS OBJECTIFS<\/strong><\/h1>\n<\/div><\/div><div class=\"ult-spacer spacer-6a02ccc790760\" data-id=\"6a02ccc790760\" data-height=\"40\" data-height-mobile=\"40\" data-height-tab=\"40\" data-height-tab-portrait=\"\" data-height-mobile-landscape=\"\" style=\"clear:both;display:block;\"><\/div><\/div><\/div><\/div><div class=\"vc_col-sm-4 wpb_column vc_column_container\"><div class=\"vc_column-inner\"><div class=\"wpb_wrapper\"><div class=\"g-cols wpb_row  type_default valign_top vc_inner caja1\"><div class=\"vc_col-sm-12 wpb_column vc_column_container\"><div class=\"vc_column-inner\"><div class=\"wpb_wrapper\"><div class=\"w-iconbox iconpos_top style_default color_primary align_center no_title abajo\"><div class=\"w-iconbox-icon\" style=\"font-size:200px;\"><\/div><div class=\"w-iconbox-meta\"><div class=\"w-iconbox-text\"><p>Concevoir et produire un syst\u00e8me de formes ax\u00e9 sur la facilit\u00e9 de travail et la satisfaction des besoins de l&rsquo;utilisateur-constructeur et non de l&rsquo;entreprise de formes, en utilisant la meilleure qualit\u00e9 de mat\u00e9riaux avec la technologie de production la plus avanc\u00e9e.<\/p>\n<\/div><\/div><\/div><\/div><\/div><\/div><\/div><\/div><\/div><\/div><div class=\"vc_col-sm-4 wpb_column vc_column_container\"><div class=\"vc_column-inner\"><div class=\"wpb_wrapper\"><div class=\"g-cols wpb_row  type_default valign_top vc_inner caja2\"><div class=\"vc_col-sm-12 wpb_column vc_column_container\"><div class=\"vc_column-inner\"><div class=\"wpb_wrapper\"><div class=\"w-iconbox iconpos_top style_default color_primary align_center no_title abajo\"><div class=\"w-iconbox-icon\" style=\"font-size:200px;\"><\/div><div class=\"w-iconbox-meta\"><div class=\"w-iconbox-text\"><div class=\"home_proceso\">\n<p>Offrir le meilleur service de formation technique, soutien logistique et accompagnement de supervision qui garantit une utilisation du syst\u00e8me aussi efficace que possible pour un r\u00e9sultat optimal pour l&rsquo;utilisateur.<\/p>\n<\/div>\n<\/div><\/div><\/div><\/div><\/div><\/div><\/div><\/div><\/div><\/div><div class=\"vc_col-sm-4 wpb_column vc_column_container\"><div class=\"vc_column-inner\"><div class=\"wpb_wrapper\"><div class=\"g-cols wpb_row  type_default valign_top vc_inner caja1\"><div class=\"vc_col-sm-12 wpb_column vc_column_container\"><div class=\"vc_column-inner\"><div class=\"wpb_wrapper\"><div class=\"w-iconbox iconpos_top style_default color_primary align_center no_title abajo\"><div class=\"w-iconbox-icon\" style=\"font-size:200px;\"><\/div><div class=\"w-iconbox-meta\"><div class=\"w-iconbox-text\"><div class=\"home_proceso\">\n<p>Fournir tout cela \u00e0 un prix comp\u00e9titif.<\/p>\n<\/div>\n<\/div><\/div><\/div><\/div><\/div><\/div><\/div><\/div><\/div><\/div><div class=\"vc_col-sm-12 wpb_column vc_column_container\"><div class=\"vc_column-inner\"><div class=\"wpb_wrapper\"><div class=\"ult-spacer spacer-6a02ccc79125e\" data-id=\"6a02ccc79125e\" data-height=\"40\" data-height-mobile=\"40\" data-height-tab=\"40\" data-height-tab-portrait=\"\" data-height-mobile-landscape=\"\" style=\"clear:both;display:block;\"><\/div><\/div><\/div><\/div><\/div><\/div><\/section>\n","protected":false},"excerpt":{"rendered":"QUI SOMMES-NOUS Wall-Ties &amp; Forms, Inc, (WTF)\u00a0 C&rsquo;est l&rsquo;une des plus importantes productrices de formes en aluminium pour b\u00e9ton dans le monde et en m\u00eame temps, la principale entreprise de conception et de fabrication de syst\u00e8mes de formes en aluminium. Il y a plus de 45 ans, WTF a commenc\u00e9 avec la production de milliers...","protected":false},"author":1,"featured_media":0,"parent":0,"menu_order":0,"comment_status":"closed","ping_status":"closed","template":"","meta":{"footnotes":""},"class_list":["post-11612","page","type-page","status-publish","hentry"],"yoast_head":"<!-- This site is optimized with the Yoast SEO plugin v20.2.1 - https:\/\/yoast.com\/wordpress\/plugins\/seo\/ -->\n<title>QUI SOMMES-NOUS - formaletasdealuminio concrete forms, formwork, formas concretas, productoras de encofrados, cimbras, formaletas, formas, Moldes de aluminio para concreto<\/title>\n<meta name=\"description\" content=\"Productoras de encofrados, cimbras, formaletas, formas, moldajes, moldes de aluminio para concreto\" \/>\n<meta name=\"robots\" content=\"index, follow, max-snippet:-1, max-image-preview:large, max-video-preview:-1\" \/>\n<link rel=\"canonical\" href=\"https:\/\/formaletasdealuminio.com\/fr\/qui-sommes-nous\/\" \/>\n<meta property=\"og:locale\" content=\"fr_FR\" \/>\n<meta property=\"og:type\" content=\"article\" \/>\n<meta property=\"og:title\" content=\"QUI SOMMES-NOUS - formaletasdealuminio concrete forms, formwork, formas concretas, productoras de encofrados, cimbras, formaletas, formas, Moldes de aluminio para concreto\" \/>\n<meta property=\"og:description\" content=\"Productoras de encofrados, cimbras, formaletas, formas, moldajes, moldes de aluminio para concreto\" \/>\n<meta property=\"og:url\" content=\"https:\/\/formaletasdealuminio.com\/fr\/qui-sommes-nous\/\" \/>\n<meta property=\"og:site_name\" content=\"formaletasdealuminio\" \/>\n<meta property=\"article:modified_time\" content=\"2023-02-13T15:16:41+00:00\" \/>\n<meta property=\"og:image\" content=\"https:\/\/formaletasdealuminio.com\/wp-content\/uploads\/2023\/03\/logo-1.png\" \/>\n\t<meta property=\"og:image:width\" content=\"371\" \/>\n\t<meta property=\"og:image:height\" content=\"76\" \/>\n\t<meta property=\"og:image:type\" content=\"image\/png\" \/>\n<meta name=\"twitter:card\" content=\"summary_large_image\" \/>\n<meta name=\"twitter:label1\" content=\"Dur\u00e9e de lecture estim\u00e9e\" \/>\n\t<meta name=\"twitter:data1\" content=\"2 minutes\" \/>\n<script type=\"application\/ld+json\" class=\"yoast-schema-graph\">{\"@context\":\"https:\/\/schema.org\",\"@graph\":[{\"@type\":\"WebPage\",\"@id\":\"https:\/\/formaletasdealuminio.com\/fr\/qui-sommes-nous\/\",\"url\":\"https:\/\/formaletasdealuminio.com\/fr\/qui-sommes-nous\/\",\"name\":\"QUI SOMMES-NOUS - formaletasdealuminio concrete forms, formwork, formas concretas, productoras de encofrados, cimbras, formaletas, formas, Moldes de aluminio para concreto\",\"isPartOf\":{\"@id\":\"https:\/\/formaletasdealuminio.com\/#website\"},\"datePublished\":\"2022-12-21T14:32:57+00:00\",\"dateModified\":\"2023-02-13T15:16:41+00:00\",\"description\":\"Productoras de encofrados, cimbras, formaletas, formas, moldajes, moldes de aluminio para concreto\",\"breadcrumb\":{\"@id\":\"https:\/\/formaletasdealuminio.com\/fr\/qui-sommes-nous\/#breadcrumb\"},\"inLanguage\":\"fr-FR\",\"potentialAction\":[{\"@type\":\"ReadAction\",\"target\":[\"https:\/\/formaletasdealuminio.com\/fr\/qui-sommes-nous\/\"]}]},{\"@type\":\"BreadcrumbList\",\"@id\":\"https:\/\/formaletasdealuminio.com\/fr\/qui-sommes-nous\/#breadcrumb\",\"itemListElement\":[{\"@type\":\"ListItem\",\"position\":1,\"name\":\"Portada\",\"item\":\"https:\/\/formaletasdealuminio.com\/fr\/\"},{\"@type\":\"ListItem\",\"position\":2,\"name\":\"QUI SOMMES-NOUS\"}]},{\"@type\":\"WebSite\",\"@id\":\"https:\/\/formaletasdealuminio.com\/#website\",\"url\":\"https:\/\/formaletasdealuminio.com\/\",\"name\":\"Cimbras - Formaletas - Formas - Encofrados - Moldes - Moldajes\",\"description\":\"Productoras de encofrados, cimbras, formaletas, formas, moldajes, moldes de aluminio para concreto\",\"publisher\":{\"@id\":\"https:\/\/formaletasdealuminio.com\/#organization\"},\"alternateName\":\"Formaletas de Aluminio\",\"potentialAction\":[{\"@type\":\"SearchAction\",\"target\":{\"@type\":\"EntryPoint\",\"urlTemplate\":\"https:\/\/formaletasdealuminio.com\/?s={search_term_string}\"},\"query-input\":\"required name=search_term_string\"}],\"inLanguage\":\"fr-FR\"},{\"@type\":\"Organization\",\"@id\":\"https:\/\/formaletasdealuminio.com\/#organization\",\"name\":\"Cimbras - Formaletas - Formas - Encofrados - Moldes - Moldajes\",\"alternateName\":\"Formaletas de Aluminio\",\"url\":\"https:\/\/formaletasdealuminio.com\/\",\"logo\":{\"@type\":\"ImageObject\",\"inLanguage\":\"fr-FR\",\"@id\":\"https:\/\/formaletasdealuminio.com\/#\/schema\/logo\/image\/\",\"url\":\"https:\/\/formaletasdealuminio.com\/wp-content\/uploads\/2023\/03\/logo-1.png\",\"contentUrl\":\"https:\/\/formaletasdealuminio.com\/wp-content\/uploads\/2023\/03\/logo-1.png\",\"width\":371,\"height\":76,\"caption\":\"Cimbras - Formaletas - Formas - Encofrados - Moldes - Moldajes\"},\"image\":{\"@id\":\"https:\/\/formaletasdealuminio.com\/#\/schema\/logo\/image\/\"}}]}<\/script>\n<!-- \/ Yoast SEO plugin. -->","yoast_head_json":{"title":"QUI SOMMES-NOUS - formaletasdealuminio concrete forms, formwork, formas concretas, productoras de encofrados, cimbras, formaletas, formas, Moldes de aluminio para concreto","description":"Productoras de encofrados, cimbras, formaletas, formas, moldajes, moldes de aluminio para concreto","robots":{"index":"index","follow":"follow","max-snippet":"max-snippet:-1","max-image-preview":"max-image-preview:large","max-video-preview":"max-video-preview:-1"},"canonical":"https:\/\/formaletasdealuminio.com\/fr\/qui-sommes-nous\/","og_locale":"fr_FR","og_type":"article","og_title":"QUI SOMMES-NOUS - formaletasdealuminio concrete forms, formwork, formas concretas, productoras de encofrados, cimbras, formaletas, formas, Moldes de aluminio para concreto","og_description":"Productoras de encofrados, cimbras, formaletas, formas, moldajes, moldes de aluminio para concreto","og_url":"https:\/\/formaletasdealuminio.com\/fr\/qui-sommes-nous\/","og_site_name":"formaletasdealuminio","article_modified_time":"2023-02-13T15:16:41+00:00","og_image":[{"width":371,"height":76,"url":"https:\/\/formaletasdealuminio.com\/wp-content\/uploads\/2023\/03\/logo-1.png","type":"image\/png"}],"twitter_card":"summary_large_image","twitter_misc":{"Dur\u00e9e de lecture estim\u00e9e":"2 minutes"},"schema":{"@context":"https:\/\/schema.org","@graph":[{"@type":"WebPage","@id":"https:\/\/formaletasdealuminio.com\/fr\/qui-sommes-nous\/","url":"https:\/\/formaletasdealuminio.com\/fr\/qui-sommes-nous\/","name":"QUI SOMMES-NOUS - formaletasdealuminio concrete forms, formwork, formas concretas, productoras de encofrados, cimbras, formaletas, formas, Moldes de aluminio para concreto","isPartOf":{"@id":"https:\/\/formaletasdealuminio.com\/#website"},"datePublished":"2022-12-21T14:32:57+00:00","dateModified":"2023-02-13T15:16:41+00:00","description":"Productoras de encofrados, cimbras, formaletas, formas, moldajes, moldes de aluminio para concreto","breadcrumb":{"@id":"https:\/\/formaletasdealuminio.com\/fr\/qui-sommes-nous\/#breadcrumb"},"inLanguage":"fr-FR","potentialAction":[{"@type":"ReadAction","target":["https:\/\/formaletasdealuminio.com\/fr\/qui-sommes-nous\/"]}]},{"@type":"BreadcrumbList","@id":"https:\/\/formaletasdealuminio.com\/fr\/qui-sommes-nous\/#breadcrumb","itemListElement":[{"@type":"ListItem","position":1,"name":"Portada","item":"https:\/\/formaletasdealuminio.com\/fr\/"},{"@type":"ListItem","position":2,"name":"QUI SOMMES-NOUS"}]},{"@type":"WebSite","@id":"https:\/\/formaletasdealuminio.com\/#website","url":"https:\/\/formaletasdealuminio.com\/","name":"Cimbras - Formaletas - Formas - Encofrados - Moldes - Moldajes","description":"Productoras de encofrados, cimbras, formaletas, formas, moldajes, moldes de aluminio para concreto","publisher":{"@id":"https:\/\/formaletasdealuminio.com\/#organization"},"alternateName":"Formaletas de Aluminio","potentialAction":[{"@type":"SearchAction","target":{"@type":"EntryPoint","urlTemplate":"https:\/\/formaletasdealuminio.com\/?s={search_term_string}"},"query-input":"required name=search_term_string"}],"inLanguage":"fr-FR"},{"@type":"Organization","@id":"https:\/\/formaletasdealuminio.com\/#organization","name":"Cimbras - Formaletas - Formas - Encofrados - Moldes - Moldajes","alternateName":"Formaletas de Aluminio","url":"https:\/\/formaletasdealuminio.com\/","logo":{"@type":"ImageObject","inLanguage":"fr-FR","@id":"https:\/\/formaletasdealuminio.com\/#\/schema\/logo\/image\/","url":"https:\/\/formaletasdealuminio.com\/wp-content\/uploads\/2023\/03\/logo-1.png","contentUrl":"https:\/\/formaletasdealuminio.com\/wp-content\/uploads\/2023\/03\/logo-1.png","width":371,"height":76,"caption":"Cimbras - Formaletas - Formas - Encofrados - Moldes - Moldajes"},"image":{"@id":"https:\/\/formaletasdealuminio.com\/#\/schema\/logo\/image\/"}}]}},"_links":{"self":[{"href":"https:\/\/formaletasdealuminio.com\/fr\/wp-json\/wp\/v2\/pages\/11612","targetHints":{"allow":["GET"]}}],"collection":[{"href":"https:\/\/formaletasdealuminio.com\/fr\/wp-json\/wp\/v2\/pages"}],"about":[{"href":"https:\/\/formaletasdealuminio.com\/fr\/wp-json\/wp\/v2\/types\/page"}],"author":[{"embeddable":true,"href":"https:\/\/formaletasdealuminio.com\/fr\/wp-json\/wp\/v2\/users\/1"}],"replies":[{"embeddable":true,"href":"https:\/\/formaletasdealuminio.com\/fr\/wp-json\/wp\/v2\/comments?post=11612"}],"version-history":[{"count":3,"href":"https:\/\/formaletasdealuminio.com\/fr\/wp-json\/wp\/v2\/pages\/11612\/revisions"}],"predecessor-version":[{"id":11689,"href":"https:\/\/formaletasdealuminio.com\/fr\/wp-json\/wp\/v2\/pages\/11612\/revisions\/11689"}],"wp:attachment":[{"href":"https:\/\/formaletasdealuminio.com\/fr\/wp-json\/wp\/v2\/media?parent=11612"}],"curies":[{"name":"wp","href":"https:\/\/api.w.org\/{rel}","templated":true}]}}