{"id":11673,"date":"2022-12-21T15:26:55","date_gmt":"2022-12-21T15:26:55","guid":{"rendered":"https:\/\/formaletasdealuminio.com\/contactos\/"},"modified":"2023-02-13T18:21:10","modified_gmt":"2023-02-13T18:21:10","slug":"contacts","status":"publish","type":"page","link":"https:\/\/formaletasdealuminio.com\/fr\/contacts\/","title":{"rendered":"CONTACTS"},"content":{"rendered":"<section class=\"l-section wpb_row height_small\"><div class=\"l-section-h i-cf\"><div class=\"g-cols vc_row type_default valign_middle\"><div class=\"vc_col-sm-6 wpb_column vc_column_container\"><div class=\"vc_column-inner\"><div class=\"wpb_wrapper\"><div class=\"g-cols wpb_row  type_boxes valign_top vc_inner\"><div class=\"vc_col-sm-12 wpb_column vc_column_container\"><div class=\"vc_column-inner\"><div class=\"wpb_wrapper\"><div class=\"wpb_text_column us_custom_eb849559 titulo\" ><div class=\"wpb_wrapper\"><h3><strong style=\"color: #277cea;\">Nous sommes \u00e0 votre disposition<\/strong><\/h3>\n<h1><strong style=\"color: #004e89;\">CONTACTS<\/strong><\/h1>\n<\/div><\/div><div class=\"wpb_text_column us_custom_eb849559\" ><div class=\"wpb_wrapper\"><p>Nous sommes int\u00e9ress\u00e9s par la connaissance de vos projets.<br \/>\nConsultez notre d\u00e9partement international et nous r\u00e9pondrons imm\u00e9diatement.<\/p>\n<\/div><\/div><\/div><\/div><\/div><\/div><div class=\"w-separator size_small\"><\/div><div class=\"g-cols wpb_row  type_default valign_top vc_inner\"><div class=\"vc_col-sm-6 wpb_column vc_column_container\"><div class=\"vc_column-inner\"><div class=\"wpb_wrapper\"><div class=\"w-iconbox iconpos_top style_circle color_custom align_center iconosfoo\"><a href=\"tel:019134410073\" class=\"w-iconbox-link\" aria-label=\"Bureaux:\"><div class=\"w-iconbox-icon\" style=\"font-size:30px;box-shadow:0 0 0 2px #ffffff inset;background:#ffffff;color:#0091ff;\"><i class=\"fas fa-phone\"><\/i><\/div><\/a><div class=\"w-iconbox-meta\"><a href=\"tel:019134410073\" class=\"w-iconbox-link\" aria-label=\"Bureaux:\"><h4 class=\"w-iconbox-title\">Bureaux:<\/h4><\/a><div class=\"w-iconbox-text\"><p><a style=\"color: #fff;\" href=\"tel:019134410073\">+1 (913) 441 0073<\/a><\/p>\n<\/div><\/div><\/div><\/div><\/div><\/div><div class=\"vc_col-sm-6 wpb_column vc_column_container\"><div class=\"vc_column-inner\"><div class=\"wpb_wrapper\"><div class=\"w-iconbox iconpos_top style_circle color_custom align_center iconosfoo\"><a href=\"tel:01913 4410076\" class=\"w-iconbox-link\" aria-label=\"Fax:\"><div class=\"w-iconbox-icon\" style=\"font-size:30px;box-shadow:0 0 0 2px #ffffff inset;background:#ffffff;color:#0091ff;\"><i class=\"fas fa-fax\"><\/i><\/div><\/a><div class=\"w-iconbox-meta\"><a href=\"tel:01913 4410076\" class=\"w-iconbox-link\" aria-label=\"Fax:\"><h4 class=\"w-iconbox-title\">Fax:<\/h4><\/a><div class=\"w-iconbox-text\"><p><a style=\"color: #fff;\" href=\"tel:01913 4410076\">+1 (913) 441 0076<\/a><\/p>\n<\/div><\/div><\/div><\/div><\/div><\/div><\/div><div class=\"w-separator size_small\"><\/div><div class=\"g-cols wpb_row  type_default valign_top vc_inner\"><div class=\"vc_col-sm-6 wpb_column vc_column_container\"><div class=\"vc_column-inner\"><div class=\"wpb_wrapper\"><div class=\"w-iconbox iconpos_top style_circle color_custom align_center iconosfoo\"><a href=\"mailto:informacion@wallties.com\" class=\"w-iconbox-link\" aria-label=\"E-mail:\"><div class=\"w-iconbox-icon\" style=\"font-size:30px;box-shadow:0 0 0 2px #ffffff inset;background:#ffffff;color:#0091ff;\"><i class=\"fas fa-envelope\"><\/i><\/div><\/a><div class=\"w-iconbox-meta\"><a href=\"mailto:informacion@wallties.com\" class=\"w-iconbox-link\" aria-label=\"E-mail:\"><h4 class=\"w-iconbox-title\">E-mail:<\/h4><\/a><div class=\"w-iconbox-text\"><p><a style=\"color: #fff;\" href=\"mailto:informacion@wallties.com\">informacion@wallties.com<\/a><\/p>\n<\/div><\/div><\/div><\/div><\/div><\/div><div class=\"vc_col-sm-6 wpb_column vc_column_container\"><div class=\"vc_column-inner\"><div class=\"wpb_wrapper\"><div class=\"w-iconbox iconpos_top style_circle color_custom align_center iconosfoo\"><div class=\"w-iconbox-icon\" style=\"font-size:30px;box-shadow:0 0 0 2px #ffffff inset;background:#ffffff;color:#0091ff;\"><i class=\"fas fa-map\"><\/i><\/div><div class=\"w-iconbox-meta\"><h4 class=\"w-iconbox-title\">Adresse:<\/h4><div class=\"w-iconbox-text\"><p>4000 Bonner Industrial Drive Shawnee, Kansas USA 66226<\/p>\n<\/div><\/div><\/div><\/div><\/div><\/div><\/div><\/div><\/div><\/div><div class=\"vc_col-sm-6 wpb_column vc_column_container\"><div class=\"vc_column-inner\"><div class=\"wpb_wrapper\"><div class=\"wpb_text_column us_custom_eb849559\" ><div class=\"wpb_wrapper\"><h4><strong><em> Recevez une conseil pour choisir le meilleur<\/em><\/strong><\/h4>\n<\/div><\/div><div class=\"w-separator size_small\"><\/div>\n<div class=\"wpcf7 no-js\" id=\"wpcf7-f11679-o1\" lang=\"es-ES\" dir=\"ltr\">\n<div class=\"screen-reader-response\"><p role=\"status\" aria-live=\"polite\" aria-atomic=\"true\"><\/p> <ul><\/ul><\/div>\n<form action=\"\/fr\/wp-json\/wp\/v2\/pages\/11673#wpcf7-f11679-o1\" method=\"post\" class=\"wpcf7-form init\" aria-label=\"Formulario de contacto\" novalidate=\"novalidate\" data-status=\"init\">\n<div style=\"display: none;\">\n<input type=\"hidden\" name=\"_wpcf7\" value=\"11679\" \/>\n<input type=\"hidden\" name=\"_wpcf7_version\" value=\"5.7.4\" \/>\n<input type=\"hidden\" name=\"_wpcf7_locale\" value=\"es_ES\" \/>\n<input type=\"hidden\" name=\"_wpcf7_unit_tag\" value=\"wpcf7-f11679-o1\" \/>\n<input type=\"hidden\" name=\"_wpcf7_container_post\" value=\"0\" \/>\n<input type=\"hidden\" name=\"_wpcf7_posted_data_hash\" value=\"\" \/>\n<\/div>\n<p><span class=\"wpcf7-form-control-wrap\" data-name=\"text-65\"><input size=\"40\" class=\"wpcf7-form-control wpcf7-text wpcf7-validates-as-required\" aria-required=\"true\" aria-invalid=\"false\" placeholder=\"Nom\" value=\"\" type=\"text\" name=\"text-65\" \/><\/span><span class=\"wpcf7-form-control-wrap\" data-name=\"email-192\"><input size=\"40\" class=\"wpcf7-form-control wpcf7-text wpcf7-email wpcf7-validates-as-required wpcf7-validates-as-email\" aria-required=\"true\" aria-invalid=\"false\" placeholder=\"Courrier \u00e9lectronique\" value=\"\" type=\"email\" name=\"email-192\" \/><\/span><br \/>\n<span class=\"wpcf7-form-control-wrap\" data-name=\"tel-570\"><input size=\"40\" class=\"wpcf7-form-control wpcf7-text wpcf7-tel wpcf7-validates-as-required wpcf7-validates-as-tel\" aria-required=\"true\" aria-invalid=\"false\" placeholder=\"T\u00e9l\u00e9phone\" value=\"\" type=\"tel\" name=\"tel-570\" \/><\/span><span class=\"wpcf7-form-control-wrap\" data-name=\"text-5\"><input size=\"40\" class=\"wpcf7-form-control wpcf7-text\" aria-invalid=\"false\" placeholder=\"Affair\" value=\"\" type=\"text\" name=\"text-5\" \/><\/span><br \/>\n<span class=\"wpcf7-form-control-wrap\" data-name=\"textarea-299\"><textarea cols=\"40\" rows=\"10\" class=\"wpcf7-form-control wpcf7-textarea wpcf7-validates-as-required\" aria-required=\"true\" aria-invalid=\"false\" placeholder=\"Message\" name=\"textarea-299\"><\/textarea><\/span><br \/>\n<input type=\"hidden\" name=\"_wpcf7_captcha_challenge_captcha-1\" value=\"3851924626\" \/><img decoding=\"async\" class=\"wpcf7-form-control wpcf7-captchac wpcf7-captcha-captcha-1\" width=\"72\" height=\"24\" alt=\"captcha\" src=\"https:\/\/formaletasdealuminio.com\/wp-content\/uploads\/wpcf7_captcha\/3851924626.png\" \/><span class=\"wpcf7-form-control-wrap\" data-name=\"captcha-1\"><input size=\"40\" class=\"wpcf7-form-control wpcf7-captchar\" autocomplete=\"off\" aria-invalid=\"false\" value=\"\" type=\"text\" name=\"captcha-1\" \/><\/span>\n<\/p>\n<p><input class=\"wpcf7-form-control has-spinner wpcf7-submit\" type=\"submit\" value=\"Envoyer\" \/>\n<\/p><input type='hidden' class='wpcf7-pum' value='{\"closepopup\":false,\"closedelay\":0,\"openpopup\":false,\"openpopup_id\":0}' \/><div class=\"wpcf7-response-output\" aria-hidden=\"true\"><\/div>\n<\/form>\n<\/div>\n[vc_raw_html]JTNDaWZyYW1lJTIwc3JjJTNEJTIyaHR0cHMlM0ElMkYlMkZ3d3cuZ29vZ2xlLmNvbSUyRm1hcHMlMkZlbWJlZCUzRnBiJTNEJTIxMW0xNCUyMTFtOCUyMTFtMyUyMTFkMjQ3ODYuMDIzMDAxNzg2NjglMjEyZC05NC44NjAzNTglMjEzZDM5LjA1NTE1MSUyMTNtMiUyMTFpMTAyNCUyMTJpNzY4JTIxNGYxMy4xJTIxM20zJTIxMW0yJTIxMXMweDg3YzA4ZmQ3YjE4MGQyZmQlMjUzQTB4NzUxNzgwMTMzZmM2MTRjJTIxMnM0MDAwJTI1MjBCb25uZXIlMjUyMEluZHVzdHJpYWwlMjUyMERyJTI1MkMlMjUyMFNoYXduZWUlMjUyQyUyNTIwS1MlMjUyMDY2MjI2JTIxNWUwJTIxM20yJTIxMXNlbiUyMTJzdXMlMjE0djE2NzE2MzYyNDY1NzIlMjE1bTIlMjExc2VuJTIxMnN1cyUyMiUyMHdpZHRoJTNEJTIyMTAwJTI1JTIyJTIwaGVpZ2h0JTNEJTIyMzAwJTIyJTIwc3R5bGUlM0QlMjJib3JkZXIlM0EwJTNCJTIyJTIwYWxsb3dmdWxsc2NyZWVuJTNEJTIyJTIyJTIwbG9hZGluZyUzRCUyMmxhenklMjIlMjByZWZlcnJlcnBvbGljeSUzRCUyMm5vLXJlZmVycmVyLXdoZW4tZG93bmdyYWRlJTIyJTNFJTNDJTJGaWZyYW1lJTNF[\/vc_raw_html]<div class=\"w-separator size_small\"><\/div><div class=\"w-iconbox iconpos_left style_default color_primary align_left no_text\"><a target=\"_blank\" href=\"https:\/\/wa.link\/5izid2\" rel=\"noopener\" class=\"w-iconbox-link\" aria-label=\"Vous pouvez nous \u00e9crire via Whatsapp\"><div class=\"w-iconbox-icon\" style=\"font-size:40px;\"><i class=\"fab fa-whatsapp\"><\/i><\/div><\/a><div class=\"w-iconbox-meta\"><a target=\"_blank\" href=\"https:\/\/wa.link\/5izid2\" rel=\"noopener\" class=\"w-iconbox-link\" aria-label=\"Vous pouvez nous \u00e9crire via Whatsapp\"><h4 class=\"w-iconbox-title\">Vous pouvez nous \u00e9crire via Whatsapp<\/h4><\/a><\/div><\/div><\/div><\/div><\/div><\/div><\/div><\/section>\n","protected":false},"excerpt":{"rendered":"Nous sommes \u00e0 votre disposition CONTACTS Nous sommes int\u00e9ress\u00e9s par la connaissance de vos projets. Consultez notre d\u00e9partement international et nous r\u00e9pondrons imm\u00e9diatement. Bureaux:+1 (913) 441 0073 Fax:+1 (913) 441 0076 E-mail:informacion@wallties.com Adresse:4000 Bonner Industrial Drive Shawnee, Kansas USA 66226 Recevez une conseil pour choisir le meilleur [vc_raw_html]JTNDaWZyYW1lJTIwc3JjJTNEJTIyaHR0cHMlM0ElMkYlMkZ3d3cuZ29vZ2xlLmNvbSUyRm1hcHMlMkZlbWJlZCUzRnBiJTNEJTIxMW0xNCUyMTFtOCUyMTFtMyUyMTFkMjQ3ODYuMDIzMDAxNzg2NjglMjEyZC05NC44NjAzNTglMjEzZDM5LjA1NTE1MSUyMTNtMiUyMTFpMTAyNCUyMTJpNzY4JTIxNGYxMy4xJTIxM20zJTIxMW0yJTIxMXMweDg3YzA4ZmQ3YjE4MGQyZmQlMjUzQTB4NzUxNzgwMTMzZmM2MTRjJTIxMnM0MDAwJTI1MjBCb25uZXIlMjUyMEluZHVzdHJpYWwlMjUyMERyJTI1MkMlMjUyMFNoYXduZWUlMjUyQyUyNTIwS1MlMjUyMDY2MjI2JTIxNWUwJTIxM20yJTIxMXNlbiUyMTJzdXMlMjE0djE2NzE2MzYyNDY1NzIlMjE1bTIlMjExc2VuJTIxMnN1cyUyMiUyMHdpZHRoJTNEJTIyMTAwJTI1JTIyJTIwaGVpZ2h0JTNEJTIyMzAwJTIyJTIwc3R5bGUlM0QlMjJib3JkZXIlM0EwJTNCJTIyJTIwYWxsb3dmdWxsc2NyZWVuJTNEJTIyJTIyJTIwbG9hZGluZyUzRCUyMmxhenklMjIlMjByZWZlcnJlcnBvbGljeSUzRCUyMm5vLXJlZmVycmVyLXdoZW4tZG93bmdyYWRlJTIyJTNFJTNDJTJGaWZyYW1lJTNF[\/vc_raw_html]Vous pouvez nous \u00e9crire via Whatsapp","protected":false},"author":1,"featured_media":0,"parent":0,"menu_order":0,"comment_status":"closed","ping_status":"closed","template":"","meta":{"footnotes":""},"class_list":["post-11673","page","type-page","status-publish","hentry"],"yoast_head":"<!-- This site is optimized with the Yoast SEO plugin v20.2.1 - https:\/\/yoast.com\/wordpress\/plugins\/seo\/ -->\n<title>CONTACTS - formaletasdealuminio concrete forms, formwork, formas concretas, productoras de encofrados, cimbras, formaletas, formas, Moldes de aluminio para concreto<\/title>\n<meta name=\"description\" content=\"Productoras de encofrados, cimbras, formaletas, formas, moldajes, moldes de aluminio para concreto\" \/>\n<meta name=\"robots\" content=\"index, follow, max-snippet:-1, max-image-preview:large, max-video-preview:-1\" \/>\n<link rel=\"canonical\" href=\"https:\/\/formaletasdealuminio.com\/fr\/contacts\/\" \/>\n<meta property=\"og:locale\" content=\"fr_FR\" \/>\n<meta property=\"og:type\" content=\"article\" \/>\n<meta property=\"og:title\" content=\"CONTACTS - formaletasdealuminio concrete forms, formwork, formas concretas, productoras de encofrados, cimbras, formaletas, formas, Moldes de aluminio para concreto\" \/>\n<meta property=\"og:description\" content=\"Productoras de encofrados, cimbras, formaletas, formas, moldajes, moldes de aluminio para concreto\" \/>\n<meta property=\"og:url\" content=\"https:\/\/formaletasdealuminio.com\/fr\/contacts\/\" \/>\n<meta property=\"og:site_name\" content=\"formaletasdealuminio\" \/>\n<meta property=\"article:modified_time\" content=\"2023-02-13T18:21:10+00:00\" \/>\n<meta property=\"og:image\" content=\"https:\/\/formaletasdealuminio.com\/wp-content\/uploads\/2023\/03\/logo-1.png\" \/>\n\t<meta property=\"og:image:width\" content=\"371\" \/>\n\t<meta property=\"og:image:height\" content=\"76\" \/>\n\t<meta property=\"og:image:type\" content=\"image\/png\" \/>\n<meta name=\"twitter:card\" content=\"summary_large_image\" \/>\n<meta name=\"twitter:label1\" content=\"Dur\u00e9e de lecture estim\u00e9e\" \/>\n\t<meta name=\"twitter:data1\" content=\"2 minutes\" \/>\n<script type=\"application\/ld+json\" class=\"yoast-schema-graph\">{\"@context\":\"https:\/\/schema.org\",\"@graph\":[{\"@type\":\"WebPage\",\"@id\":\"https:\/\/formaletasdealuminio.com\/fr\/contacts\/\",\"url\":\"https:\/\/formaletasdealuminio.com\/fr\/contacts\/\",\"name\":\"CONTACTS - formaletasdealuminio concrete forms, formwork, formas concretas, productoras de encofrados, cimbras, formaletas, formas, Moldes de aluminio para concreto\",\"isPartOf\":{\"@id\":\"https:\/\/formaletasdealuminio.com\/#website\"},\"datePublished\":\"2022-12-21T15:26:55+00:00\",\"dateModified\":\"2023-02-13T18:21:10+00:00\",\"description\":\"Productoras de encofrados, cimbras, formaletas, formas, moldajes, moldes de aluminio para concreto\",\"breadcrumb\":{\"@id\":\"https:\/\/formaletasdealuminio.com\/fr\/contacts\/#breadcrumb\"},\"inLanguage\":\"fr-FR\",\"potentialAction\":[{\"@type\":\"ReadAction\",\"target\":[\"https:\/\/formaletasdealuminio.com\/fr\/contacts\/\"]}]},{\"@type\":\"BreadcrumbList\",\"@id\":\"https:\/\/formaletasdealuminio.com\/fr\/contacts\/#breadcrumb\",\"itemListElement\":[{\"@type\":\"ListItem\",\"position\":1,\"name\":\"Portada\",\"item\":\"https:\/\/formaletasdealuminio.com\/fr\/\"},{\"@type\":\"ListItem\",\"position\":2,\"name\":\"CONTACTS\"}]},{\"@type\":\"WebSite\",\"@id\":\"https:\/\/formaletasdealuminio.com\/#website\",\"url\":\"https:\/\/formaletasdealuminio.com\/\",\"name\":\"Cimbras - Formaletas - Formas - Encofrados - Moldes - Moldajes\",\"description\":\"Productoras de encofrados, cimbras, formaletas, formas, moldajes, moldes de aluminio para concreto\",\"publisher\":{\"@id\":\"https:\/\/formaletasdealuminio.com\/#organization\"},\"alternateName\":\"Formaletas de Aluminio\",\"potentialAction\":[{\"@type\":\"SearchAction\",\"target\":{\"@type\":\"EntryPoint\",\"urlTemplate\":\"https:\/\/formaletasdealuminio.com\/?s={search_term_string}\"},\"query-input\":\"required name=search_term_string\"}],\"inLanguage\":\"fr-FR\"},{\"@type\":\"Organization\",\"@id\":\"https:\/\/formaletasdealuminio.com\/#organization\",\"name\":\"Cimbras - Formaletas - Formas - Encofrados - Moldes - Moldajes\",\"alternateName\":\"Formaletas de Aluminio\",\"url\":\"https:\/\/formaletasdealuminio.com\/\",\"logo\":{\"@type\":\"ImageObject\",\"inLanguage\":\"fr-FR\",\"@id\":\"https:\/\/formaletasdealuminio.com\/#\/schema\/logo\/image\/\",\"url\":\"https:\/\/formaletasdealuminio.com\/wp-content\/uploads\/2023\/03\/logo-1.png\",\"contentUrl\":\"https:\/\/formaletasdealuminio.com\/wp-content\/uploads\/2023\/03\/logo-1.png\",\"width\":371,\"height\":76,\"caption\":\"Cimbras - Formaletas - Formas - Encofrados - Moldes - Moldajes\"},\"image\":{\"@id\":\"https:\/\/formaletasdealuminio.com\/#\/schema\/logo\/image\/\"}}]}<\/script>\n<!-- \/ Yoast SEO plugin. -->","yoast_head_json":{"title":"CONTACTS - formaletasdealuminio concrete forms, formwork, formas concretas, productoras de encofrados, cimbras, formaletas, formas, Moldes de aluminio para concreto","description":"Productoras de encofrados, cimbras, formaletas, formas, moldajes, moldes de aluminio para concreto","robots":{"index":"index","follow":"follow","max-snippet":"max-snippet:-1","max-image-preview":"max-image-preview:large","max-video-preview":"max-video-preview:-1"},"canonical":"https:\/\/formaletasdealuminio.com\/fr\/contacts\/","og_locale":"fr_FR","og_type":"article","og_title":"CONTACTS - formaletasdealuminio concrete forms, formwork, formas concretas, productoras de encofrados, cimbras, formaletas, formas, Moldes de aluminio para concreto","og_description":"Productoras de encofrados, cimbras, formaletas, formas, moldajes, moldes de aluminio para concreto","og_url":"https:\/\/formaletasdealuminio.com\/fr\/contacts\/","og_site_name":"formaletasdealuminio","article_modified_time":"2023-02-13T18:21:10+00:00","og_image":[{"width":371,"height":76,"url":"https:\/\/formaletasdealuminio.com\/wp-content\/uploads\/2023\/03\/logo-1.png","type":"image\/png"}],"twitter_card":"summary_large_image","twitter_misc":{"Dur\u00e9e de lecture estim\u00e9e":"2 minutes"},"schema":{"@context":"https:\/\/schema.org","@graph":[{"@type":"WebPage","@id":"https:\/\/formaletasdealuminio.com\/fr\/contacts\/","url":"https:\/\/formaletasdealuminio.com\/fr\/contacts\/","name":"CONTACTS - formaletasdealuminio concrete forms, formwork, formas concretas, productoras de encofrados, cimbras, formaletas, formas, Moldes de aluminio para concreto","isPartOf":{"@id":"https:\/\/formaletasdealuminio.com\/#website"},"datePublished":"2022-12-21T15:26:55+00:00","dateModified":"2023-02-13T18:21:10+00:00","description":"Productoras de encofrados, cimbras, formaletas, formas, moldajes, moldes de aluminio para concreto","breadcrumb":{"@id":"https:\/\/formaletasdealuminio.com\/fr\/contacts\/#breadcrumb"},"inLanguage":"fr-FR","potentialAction":[{"@type":"ReadAction","target":["https:\/\/formaletasdealuminio.com\/fr\/contacts\/"]}]},{"@type":"BreadcrumbList","@id":"https:\/\/formaletasdealuminio.com\/fr\/contacts\/#breadcrumb","itemListElement":[{"@type":"ListItem","position":1,"name":"Portada","item":"https:\/\/formaletasdealuminio.com\/fr\/"},{"@type":"ListItem","position":2,"name":"CONTACTS"}]},{"@type":"WebSite","@id":"https:\/\/formaletasdealuminio.com\/#website","url":"https:\/\/formaletasdealuminio.com\/","name":"Cimbras - Formaletas - Formas - Encofrados - Moldes - Moldajes","description":"Productoras de encofrados, cimbras, formaletas, formas, moldajes, moldes de aluminio para concreto","publisher":{"@id":"https:\/\/formaletasdealuminio.com\/#organization"},"alternateName":"Formaletas de Aluminio","potentialAction":[{"@type":"SearchAction","target":{"@type":"EntryPoint","urlTemplate":"https:\/\/formaletasdealuminio.com\/?s={search_term_string}"},"query-input":"required name=search_term_string"}],"inLanguage":"fr-FR"},{"@type":"Organization","@id":"https:\/\/formaletasdealuminio.com\/#organization","name":"Cimbras - Formaletas - Formas - Encofrados - Moldes - Moldajes","alternateName":"Formaletas de Aluminio","url":"https:\/\/formaletasdealuminio.com\/","logo":{"@type":"ImageObject","inLanguage":"fr-FR","@id":"https:\/\/formaletasdealuminio.com\/#\/schema\/logo\/image\/","url":"https:\/\/formaletasdealuminio.com\/wp-content\/uploads\/2023\/03\/logo-1.png","contentUrl":"https:\/\/formaletasdealuminio.com\/wp-content\/uploads\/2023\/03\/logo-1.png","width":371,"height":76,"caption":"Cimbras - Formaletas - Formas - Encofrados - Moldes - Moldajes"},"image":{"@id":"https:\/\/formaletasdealuminio.com\/#\/schema\/logo\/image\/"}}]}},"_links":{"self":[{"href":"https:\/\/formaletasdealuminio.com\/fr\/wp-json\/wp\/v2\/pages\/11673","targetHints":{"allow":["GET"]}}],"collection":[{"href":"https:\/\/formaletasdealuminio.com\/fr\/wp-json\/wp\/v2\/pages"}],"about":[{"href":"https:\/\/formaletasdealuminio.com\/fr\/wp-json\/wp\/v2\/types\/page"}],"author":[{"embeddable":true,"href":"https:\/\/formaletasdealuminio.com\/fr\/wp-json\/wp\/v2\/users\/1"}],"replies":[{"embeddable":true,"href":"https:\/\/formaletasdealuminio.com\/fr\/wp-json\/wp\/v2\/comments?post=11673"}],"version-history":[{"count":3,"href":"https:\/\/formaletasdealuminio.com\/fr\/wp-json\/wp\/v2\/pages\/11673\/revisions"}],"predecessor-version":[{"id":11737,"href":"https:\/\/formaletasdealuminio.com\/fr\/wp-json\/wp\/v2\/pages\/11673\/revisions\/11737"}],"wp:attachment":[{"href":"https:\/\/formaletasdealuminio.com\/fr\/wp-json\/wp\/v2\/media?parent=11673"}],"curies":[{"name":"wp","href":"https:\/\/api.w.org\/{rel}","templated":true}]}}